{"id":60,"date":"2026-04-18T05:07:20","date_gmt":"2026-04-18T05:07:20","guid":{"rendered":"https:\/\/noithat.minhwebsite.top\/?post_type=product&#038;p=60"},"modified":"2026-04-18T05:09:34","modified_gmt":"2026-04-18T05:09:34","slug":"ban-lam-viec-khong-hoc-1m2x60-moi","status":"publish","type":"product","link":"https:\/\/noithat.minhwebsite.top\/index.php\/product\/ban-lam-viec-khong-hoc-1m2x60-moi\/","title":{"rendered":"Ba\u0300n l\u00e0m vi\u1ec7c kh\u00f4ng h\u00f4\u0323c 1m2x60 m\u01a1\u0301i"},"content":{"rendered":"<h2><strong>B\u00e0n l\u00e0m vi\u1ec7c 1m2 kh\u00f4ng h\u1ed9c\u00a0<\/strong><\/h2>\n<p><strong>B\u00e0n l\u00e0m vi\u1ec7c 1m2 kh\u00f4ng h\u1ed9c<\/strong>\u00a0\u0111\u01b0\u1ee3c l\u00e0m b\u1eb1ng ch\u1ea5t li\u1ec7u g\u1ed7 c\u00f4ng nghi\u1ec7p cao c\u1ea5p. tr\u00ean m\u1eb7t b\u00e0n \u0111\u01b0\u1ee3c ph\u1ee7 m\u1ed9t l\u1edbp Melamine ch\u1ed1ng tr\u1ea7y x\u01b0\u1edbc t\u1ed1t, \u1ea9m m\u1ed1c, b\u00f3ng \u0111\u1eb9p theo th\u1eddi gian.<\/p>\n<p>V\u1edbi \u0111\u1ed9 d\u00e0y 18mm ho\u1eb7c c\u00f3 th\u1ec3 l\u00e0 25mm theo y\u00eau c\u1ea7u ri\u00eang c\u1ee7a kh\u00e1ch. B\u00e0n c\u00f3 thi\u1ebft k\u1ebf d\u1ea1ng th\u1eb3ng v\u00e0 kh\u00f4ng h\u1ed9c \u0111\u1ec3 \u0111\u1ef1ng t\u00e0i li\u1ec7u. B\u00e0n c\u00f3 4 ch\u00e2n \u0111\u01b0\u1ee3c l\u00e0m b\u1eb1ng nh\u1ef1a n\u00ean kh\u00f4ng t\u1ea1o \u0111\u1ed9 rung khi k\u00ea b\u00e0n \u1edf b\u1ea5t k\u1ef3 m\u1eb7t b\u1eb1ng n\u00e0o.<\/p>\n<p>N\u1ed9i th\u1ea5t \u00e1nh ph\u00e1t s\u1ebd mang t\u1edbi cho b\u1ea1n kh\u00f4ng ch\u1ec9 nh\u1eefng m\u1eabu b\u00e0n l\u00e0m vi\u1ec7c 1m2 kh\u00f4ng h\u1ed9c ch\u1ea5t l\u01b0\u1ee3ng m\u00e0 c\u00f2n nhi\u1ec1u lo\u1ea1i n\u1ed9i th\u1ea5t v\u0103n ph\u00f2ng kh\u00e1c l\u00e0m cho kh\u00f4ng gian l\u00e0m vi\u1ec7c c\u1ee7a b\u1ea1n \u0111\u1ea7y \u0111\u1ee7 ti\u1ec7n nghi v\u1edbi chi ph\u00ed ti\u1ebft ki\u1ec7m nh\u1ea5t.<\/p>\n<h2><strong>\u0110\u0103\u0323c \u0111i\u00ea\u0309m b\u00e0n l\u00e0m vi\u1ec7c 1m2 kh\u00f4ng h\u1ed9c:<\/strong><\/h2>\n<ul>\n<li>Ch\u1ea5t li\u1ec7u c\u1ee7a b\u00e0n l\u00e0m vi\u1ec7c 1m2 kh\u00f4ng h\u1ed9c l\u00e0 g\u1ed7 c\u00f4ng nghi\u1ec7p<\/li>\n<li>K\u00edch th\u01b0\u1edbc:\u00a0\u00a0D\u00e0i\u00a01200 \u2013 R\u1ed9ng 600- Cao 750(mm)<\/li>\n<li>M\u00e0u s\u1eafc: \u00a0v\u00e2n s\u1ed3i<\/li>\n<li><\/li>\n<\/ul>\n<p><strong>Hi\u0300nh a\u0309nh b\u00e0n l\u00e0m vi\u1ec7c 1m2 kh\u00f4ng h\u1ed9c :<\/strong><\/p>\n<p><a href=\"https:\/\/noithatami.com\/wp-content\/uploads\/2019\/05\/ban-lam-viec-1m-khong-hoc.jpg\"><img loading=\"lazy\" decoding=\"async\" class=\"alignnone size-full wp-image-4558 ls-is-cached lazyloaded\" src=\"https:\/\/noithatami.com\/wp-content\/uploads\/2019\/05\/ban-lam-viec-1m-khong-hoc.jpg\" sizes=\"auto, (max-width: 800px) 100vw, 800px\" srcset=\"https:\/\/noithatami.com\/wp-content\/uploads\/2019\/05\/ban-lam-viec-1m-khong-hoc.jpg 800w, https:\/\/noithatami.com\/wp-content\/uploads\/2019\/05\/ban-lam-viec-1m-khong-hoc-300x300.jpg 300w\" alt=\"\" width=\"800\" height=\"800\" data-src=\"https:\/\/noithatami.com\/wp-content\/uploads\/2019\/05\/ban-lam-viec-1m-khong-hoc.jpg\" data-srcset=\"https:\/\/noithatami.com\/wp-content\/uploads\/2019\/05\/ban-lam-viec-1m-khong-hoc.jpg 800w, https:\/\/noithatami.com\/wp-content\/uploads\/2019\/05\/ban-lam-viec-1m-khong-hoc-300x300.jpg 300w\" data-sizes=\"(max-width: 800px) 100vw, 800px\" \/><\/a><\/p>\n<h3><strong>B\u00e0n l\u00e0m vi\u1ec7c 1m2<\/strong> kh\u00f4ng h\u1ed9c t\u1ea1i \u00c1nh\u00a0 ph\u00e1t<\/h3>\n<h2><strong>V\u00ec sao b\u1ea1n n\u00ean ch\u1ecdn\u00a0b\u00e0n l\u00e0m vi\u1ec7c 1m2 kh\u00f4ng h\u1ed9c?<\/strong><\/h2>\n<p>Gi\u00e1 s\u1ea3n ph\u1ea9m c\u1ea1nh tranh v\u1edbi nh\u1eefng n\u01a1i kh\u00e1c<\/p>\n<p>Ch\u1ea5t l\u01b0\u1ee3ng s\u1ea3n ph\u1ea9m \u0111\u1ea3m b\u1ea3o, l\u1eafp \u0111\u1eb7t v\u00e0 v\u1eadn chuy\u1ec3n d\u1ec5 d\u00e0ng<\/p>\n<p>Cung c\u1ea5p tr\u1ecdn g\u00f3i n\u1ed9i th\u1ea5t v\u0103n ph\u00f2ng, gia \u0111\u00ecnh<\/p>\n<p>\u0110\u1ed9i nh\u00e2n vi\u00ean t\u01b0 v\u1ea5n v\u00e0 l\u1eafp \u0111\u1eb7t chuy\u00ean nghi\u1ec7p<\/p>\n<p>H\u00e0ng c\u00f3 s\u1eb5n, giao ngay trong ng\u00e0y, \u0111\u00e1p \u1ee9ng m\u1ecdi nhu c\u1ea7u kh\u00e1ch h\u00e0ng<\/p>\n<p>Nhi\u1ec1u s\u1ea3n ph\u1ea9m m\u1edbi, ch\u1ea5t l\u01b0\u1ee3ng \u0111\u01b0\u1ee3c c\u1eadp nh\u1eadt th\u01b0\u1eddng xuy\u00ean<\/p>\n<p>Nh\u1eadn \u0111\u1eb7t h\u00e0ng theo s\u1ed1 l\u01b0\u1ee3ng v\u00e0 k\u00edch th\u01b0\u1edbc c\u1ee7a kh\u00e1ch<\/p>\n","protected":false},"excerpt":{"rendered":"<p>b\u00e0n l\u00e0m vi\u1ec7c ko h\u1ed9c 1m12x60 m\u1edbi<\/p>\n","protected":false},"featured_media":95,"comment_status":"open","ping_status":"closed","template":"","meta":[],"product_brand":[],"product_cat":[17,18],"product_tag":[],"class_list":{"0":"post-60","1":"product","2":"type-product","3":"status-publish","4":"has-post-thumbnail","6":"product_cat-ban-lam-viec-nhan-vien-vp","7":"product_cat-ban-van-phong","9":"first","10":"instock","11":"shipping-taxable","12":"purchasable","13":"product-type-simple"},"_links":{"self":[{"href":"https:\/\/noithat.minhwebsite.top\/index.php\/wp-json\/wp\/v2\/product\/60","targetHints":{"allow":["GET"]}}],"collection":[{"href":"https:\/\/noithat.minhwebsite.top\/index.php\/wp-json\/wp\/v2\/product"}],"about":[{"href":"https:\/\/noithat.minhwebsite.top\/index.php\/wp-json\/wp\/v2\/types\/product"}],"replies":[{"embeddable":true,"href":"https:\/\/noithat.minhwebsite.top\/index.php\/wp-json\/wp\/v2\/comments?post=60"}],"wp:featuredmedia":[{"embeddable":true,"href":"https:\/\/noithat.minhwebsite.top\/index.php\/wp-json\/wp\/v2\/media\/95"}],"wp:attachment":[{"href":"https:\/\/noithat.minhwebsite.top\/index.php\/wp-json\/wp\/v2\/media?parent=60"}],"wp:term":[{"taxonomy":"product_brand","embeddable":true,"href":"https:\/\/noithat.minhwebsite.top\/index.php\/wp-json\/wp\/v2\/product_brand?post=60"},{"taxonomy":"product_cat","embeddable":true,"href":"https:\/\/noithat.minhwebsite.top\/index.php\/wp-json\/wp\/v2\/product_cat?post=60"},{"taxonomy":"product_tag","embeddable":true,"href":"https:\/\/noithat.minhwebsite.top\/index.php\/wp-json\/wp\/v2\/product_tag?post=60"}],"curies":[{"name":"wp","href":"https:\/\/api.w.org\/{rel}","templated":true}]}}