{"id":59,"date":"2026-04-18T05:07:19","date_gmt":"2026-04-18T05:07:19","guid":{"rendered":"https:\/\/noithat.minhwebsite.top\/?post_type=product&#038;p=59"},"modified":"2026-04-18T05:07:37","modified_gmt":"2026-04-18T05:07:37","slug":"ban-lam-viec-chan-sat-yem-1m2x60-moi","status":"publish","type":"product","link":"https:\/\/noithat.minhwebsite.top\/index.php\/product\/ban-lam-viec-chan-sat-yem-1m2x60-moi\/","title":{"rendered":"Ba\u0300n la\u0300m vi\u00ea\u0323c ch\u00e2n s\u0103\u0301t y\u00ea\u0301m 1m2x60 m\u01a1\u0301i"},"content":{"rendered":"<p><strong>L\u1ef1a ch\u1ecdn m\u1ed9t chi\u1ebfc b\u00e0n ph\u00f9 h\u1ee3p cho c\u00f4ng vi\u1ec7c c\u1ee7a b\u1ea1n<\/strong><br \/>\nB\u1ea1n b\u0103n kho\u0103n v\u00ec c\u00f4ng vi\u1ec7c ng\u1ed3i b\u00e0n gi\u1ea5y nhi\u1ec1u gi\u1edd \u0111\u1ed3ng h\u1ed3? B\u1ea1n lo ngh\u0129 v\u00ec \u0111\u1ed1ng t\u00e0i li\u1ec7u ng\u1ed5n ngang v\u1edbi g\u00f3c l\u00e0m vi\u1ec7c b\u1eeba b\u1ed9n h\u00e0ng ng\u00e0y. B\u1ea1n tr\u0103n tr\u1edf v\u00ec di\u1ec7n t\u00edch eo h\u1eb9p c\u1ee7a c\u0103n ph\u00f2ng b\u1ea1n \u0111ang \u1edf kh\u00f4ng ph\u00f9 h\u1ee3p v\u1edbi m\u1ed9t chi\u1ebfc b\u00e0n \u0111\u1ed3 s\u1ed9?<\/p>\n<p><strong>B\u00e0n l\u00e0m vi\u1ec7c ch\u00e2n s\u1eaft thanh l\u00fd<\/strong><br \/>\nV\u00ec v\u1eady m\u1ed9t chi\u1ebfc b\u00e0n v\u1eeba \u0111\u1ee7 g\u1ecdn g\u00e0ng, v\u1eeba \u0111\u1ee7 tinh t\u1ebf v\u00e0 ch\u1ea5t l\u01b0\u1ee3ng nh\u01b0ng gi\u00e1 c\u1ea3 ph\u1ea3i ch\u0103ng ch\u00ednh l\u00e0 \u0111i\u1ec1u b\u1ea1n h\u01b0\u1edbng t\u1edbi?<\/p>\n<p>N\u1ed9i th\u1ea5t v\u0103n ph\u00f2ng \u00c1nh Ph\u00e1t lu\u00f4n s\u1eb5n s\u00e0ng cung c\u1ea5p cho b\u1ea1n nh\u1eefng m\u1eabu <strong>thanh l\u00fd b\u00e0n l\u00e0m vi\u1ec7c<\/strong> \u0111\u1ea7y \u0111\u1ee7 ki\u1ec3u d\u00e1ng, m\u1eabu m\u00e3 v\u1edbi ch\u1ea5t l\u01b0\u1ee3ng t\u1ed1t \u1edf m\u1ee9c gi\u00e1 ph\u00f9 h\u1ee3p ph\u1ee5c v\u1ee5 m\u1ecdi nhu c\u1ea7u h\u1ecdc t\u1eadp v\u00e0 l\u00e0m vi\u1ec7c c\u1ee7a c\u00e1c b\u1ea1n.<\/p>\n<p><strong>Th\u00f4ng tin v\u1ec1 B\u00e0n ch\u00e2n s\u1eaft nh\u00e2n vi\u00ean c\u00f3 y\u1ebfm<\/strong><br \/>\n\u1ede m\u1ee9c gi\u00e1 400.000 \u0111\u1ed3ng ph\u00f9 h\u1ee3p cho nh\u00e2n vi\u00ean v\u00e0 c\u1ea3 h\u1ecdc sinh, sinh vi\u00ean,<span style=\"text-decoration: underline;\"><em> thanh l\u00fd b\u00e0n ch\u00e2n s\u1eaft y\u1ebfm<\/em><\/span> c\u1ee7a N\u1ed9i th\u1ea5t \u00c1nh Ph\u00e1t cho b\u1ea1n m\u1ed9t chi\u1ebfc b\u00e0n g\u1ecdn g\u00e0ng nh\u1ea5t v\u1edbi k\u00edch th\u01b0\u1edbc d\u00e0i 1 m\u00e9t 2, r\u1ed9ng 60 cm. V\u1edbi k\u00edch th\u01b0\u1edbc n\u00e0y v\u1eeba \u0111\u1ee7 \u0111\u1ec3 b\u1ea1n s\u1eafp x\u1ebfp t\u00e0i li\u1ec7u gi\u1ea5y t\u1edd tr\u00ean b\u00e0n, v\u1eeba \u0111\u1ee7 r\u1ed9ng \u0111\u1ec3 tho\u1ea3i m\u00e1i \u0111\u1ec3 vi\u1ebft l\u00e1ch, s\u1eed d\u1ee5ng Laptop, ph\u00f9 h\u1ee3p \u0111\u1ec3 \u0111\u1eb7t th\u00eam m\u1ed9t s\u1ed1 v\u1eadt trang tr\u00ed nh\u1ecf.<\/p>\n<p><strong>B\u00e0n l\u00e0m vi\u1ec7c ch\u00e2n s\u1eaft gi\u00e1 r\u1ebb H\u00e0 N\u1ed9i<\/strong><br \/>\nV\u1ec1 m\u1eb7t ch\u1ea5t li\u1ec7u, g\u1ed7 c\u00f4ng nghi\u1ec7p MFC lu\u00f4n mang \u0111\u1ebfn cho ng\u01b0\u1eddi ti\u00eau d\u00f9ng s\u1ef1 h\u00e0i l\u00f2ng v\u1edbi \u0111\u1ed9 b\u1ec1n v\u00e0 ch\u1eafc ch\u1eafn.<\/p>\n<p>Trong thi\u1ebft k\u1ebf c\u1ed9ng th\u00eam ph\u1ea7n thi\u1ebft k\u1ebf y\u1ebfm c\u00f3 \u0111\u1ed9 d\u00e0y v\u1eeba ph\u1ea3i 18mm (ho\u1eb7c 25mm n\u1ebfu b\u1ea1n c\u00f3 y\u00eau c\u1ea7u). Ph\u1ea7n y\u1ebfm \u0111\u01b0\u1ee3c \u0111\u1eb7t c\u00e1ch m\u1eb7t \u0111\u1ea5t t\u1ea1o s\u1ef1 th\u00f4ng tho\u00e1ng, \u0111\u1eb9p m\u1eaft cho chi\u1ebfc b\u00e0n c\u1ee7a b\u1ea1n v\u00e0 h\u01a1n h\u1ebft l\u00e0 s\u1ef1 tho\u1ea3i m\u00e1i cho ng\u01b0\u1eddi s\u1eed d\u1ee5ng.<\/p>\n<p>B\u00e0n ch\u00e2n s\u1eaft nh\u00e2n vi\u00ean c\u00f3 y\u1ebfm \u0111\u01b0\u1ee3c \u0111\u00f3ng khung s\u1eaft ch\u1eafc ch\u1eafn, \u0111\u1eb7c bi\u1ec7t s\u01a1n t\u0129nh \u0111i\u1ec7n, m\u00e0u s\u1eafc khung s\u1eaft h\u00e0i h\u00f2a v\u1edbi t\u1ed5ng th\u1ec3, \u0111\u1eb9p, b\u1ec1n v\u1edbi th\u1eddi gian.<\/p>\n<p><strong>\u01afu \u0111i\u1ec3m c\u1ee7a b\u00e0n ch\u00e2n s\u1eaft nh\u00e2n vi\u00ean c\u00f3 y\u1ebfm<\/strong><br \/>\nNh\u1edd v\u00e0o \u01b0u \u0111i\u1ec3m g\u1ecdn nh\u1eb9 v\u00e0 thi\u1ebft k\u1ebf tinh t\u1ebf, b\u1ea1n c\u00f3 th\u1ec3 tho\u1ea3i m\u00e1i di chuy\u1ec3n chi\u1ebfc b\u00e0n c\u1ee7a b\u1ea1n \u0111\u1ec3 s\u1eafp x\u1ebfp \u1edf m\u1ecdi g\u00f3c trong c\u0103n ph\u00f2ng hay di chuy\u1ec3n t\u1eeb n\u01a1i n\u00e0y sang n\u01a1i kh\u00e1c, m\u1ecdi v\u1ecb tr\u00ed kh\u00e1c nhau trong ng\u00f4i nh\u00e0 c\u1ee7a b\u1ea1n.<\/p>\n<p>\u0110a ph\u1ea7n khi ngh\u0129 \u0111\u1ebfn ch\u00e2n s\u1eaft, b\u1ea1n lu\u00f4n ph\u1ea3i b\u1eadn t\u00e2m v\u1ec1 vi\u1ec7c ch\u1ea5t li\u1ec7u s\u1eaft c\u00f3 th\u1ec3 l\u00e0m h\u01b0 h\u1ea1i s\u00e0n nh\u00e0 c\u1ee7a b\u1ea1n. Nh\u01b0ng N\u1ed9i th\u1ea5t \u00c1nh Ph\u00e1t \u0111\u1ea3m b\u1ea3o cung c\u1ea5p cho b\u1ea1n m\u1ed9t chi\u1ebfc b\u00e0n ch\u00e2n s\u1eaft kh\u00f4ng c\u1ea7n ph\u1ea3i lo l\u1eafng \u0111\u1ebfn vi\u1ec7c di chuy\u1ec3n b\u00e0n, s\u1ebd kh\u00f4ng g\u00e2y x\u01b0\u1edbc cho n\u1ec1n nh\u00e0, s\u00e0n g\u1ed7 hay th\u1ea3m tr\u1ea3i s\u00e0n.<\/p>\n<p><strong>B\u00e0n ch\u00e2n s\u1eaft m\u1eb7t g\u1ed7<\/strong><br \/>\nM\u1ed9t ng\u00f4i nh\u00e0 v\u1edbi di\u1ec7n t\u00edch h\u1ea1n ch\u1ebf, ng\u00e2n s\u00e1ch chi tr\u1ea3 cho l\u1ee3i \u00edch c\u1ee7a b\u1ea1n ch\u1ec9 l\u00e0 400.000 \u0111\u1ed3ng, <strong><em><a href=\"https:\/\/noithatanhphat.com.vn\/cat\/thanh-ly-ban-ghe-van-phong\/\">thanh l\u00fd b\u00e0n ch\u00e2n s\u1eaft y\u1ebfm<\/a><\/em><\/strong> ho\u00e0n to\u00e0n ph\u00f9 h\u1ee3p v\u00e0 ti\u1ec7n l\u1ee3i \u0111\u1ec3 \u0111\u01b0\u1ee3c b\u1ea1n l\u1ef1a ch\u1ecdn s\u1eed d\u1ee5ng trong c\u00f4ng vi\u1ec7c h\u00e0ng ng\u00e0y.<\/p>\n<p><strong>K\u1ef9 thu\u1eadt b\u00e0n ch\u00e2n s\u1eaft nh\u00e2n vi\u00ean c\u00f3 y\u1ebfm\u00a0<\/strong><br \/>\nN\u1ed9i th\u1ea5t \u00c1nh Ph\u00e1t <strong>thanh l\u00fd b\u00e0n ch\u00e2n s\u1eaft y\u1ebfm<\/strong> kh\u00f4ng h\u1ed9c gi\u00e1 400k\/c \u0111\u01b0\u1ee3c l\u00e0m b\u1eb1ng g\u1ed7 c\u00f4ng nghi\u1ec7p MFC. M\u1eb7t b\u00e0n ph\u1ee7 Melamine gi\u00fap ch\u1ed1ng tr\u1ea7y x\u01b0\u1edbc v\u00e0 \u1ea9m m\u1ed1c, b\u00f3ng \u0111\u1eb9p theo th\u1eddi gian. M\u1eb7t b\u00e0n ch\u00e2n s\u1eaft nh\u00e2n vi\u00ean c\u00f3 y\u1ebfm d\u00e0y 18mm ( Ho\u1eb7c 25mm n\u1ebfu theo y\u00eau c\u1ea7u).<\/p>\n<p><strong>B\u00e0n l\u00e0m vi\u1ec7c ch\u00e2n s\u1eaft \u0111\u00e0 n\u1eb5ng<\/strong><br \/>\nKhung s\u1eaft \u0111\u01b0\u1ee3c s\u01a1n t\u0129nh \u0111i\u1ec7n, b\u1ec1n \u0111\u1eb9p v\u1edbi th\u1eddi gian. <span style=\"text-decoration: underline;\"><em>Thanh l\u00fd b\u00e0n ch\u00e2n s\u1eaft y\u1ebfm<\/em><\/span> c\u00f3 thi\u1ebft k\u1ebf d\u1ea1ng th\u1eb3ng. Y\u1ebfm b\u00e0n ch\u00e2n s\u1eaft nh\u00e2n vi\u00ean c\u00f3 y\u1ebfm \u0111\u01b0\u1ee3c \u0111\u1eb7t c\u00e1ch m\u1eb7t \u0111\u1ea5t t\u1ea1o s\u1ef1 tho\u1ea3i m\u00e1i cho ng\u01b0\u1eddi s\u1eed d\u1ee5ng. Khi di chuy\u1ec3n b\u00e0n kh\u00f4ng b\u1ecb x\u01b0\u1edbc n\u1ec1n nh\u00e0 hay r\u00e1ch th\u1ea3m tr\u1ea3i s\u00e0n.<\/p>\n<p><strong>B\u00e0n l\u00e0m vi\u1ec7c ch\u00e2n s\u1eaft 1m2<\/strong><br \/>\nB\u00e0n ch\u00e2n s\u1eaft nh\u00e2n vi\u00ean c\u00f3 y\u1ebfm mang t\u00ednh th\u1ea9m m\u1ef9 cao v\u00e0 gi\u00e1 tr\u1ecb s\u1eed d\u1ee5ng l\u00e2u d\u00e0i, \u0111\u01b0\u1ee3c nhi\u1ec1u c\u00e1 nh\u00e2n v\u00e0 t\u1ed5 ch\u1ee9c l\u1ef1a ch\u1ecdn. Th\u01b0\u1eddng \u0111\u01b0\u1ee3c d\u00f9ng cho ph\u00f2ng l\u00e0m vi\u1ec7c, d\u00e3y b\u00e0n l\u00e0m vi\u1ec7c c\u00f3 v\u00e1ch ng\u0103n.<\/p>\n<p>Nh\u1eefng s\u1ea3n ph\u1ea9m b\u00e0n l\u00e0m vi\u1ec7c c\u0169,\u00a0<strong>thanh l\u00fd b\u00e0n l\u00e0m vi\u1ec7c v\u0103n ph\u00f2ng<\/strong>\u00a0t\u1ea1i N\u1ed9i Th\u1ea5t \u00c1nh Ph\u00e1t \u0111\u00e3 \u0111\u01b0\u1ee3c ki\u1ec3m tra ch\u1ea5t l\u01b0\u1ee3ng, v\u1ec7 sinh, x\u1eed l\u00fd tr\u01b0\u1edbc khi \u0111\u1ebfn tay kh\u00e1ch h\u00e0ng, cho n\u00ean b\u00e0n nh\u01b0 m\u1edbi 95% tr\u1edf l\u00ean. Kh\u00f4ng ch\u1ec9 c\u00f3 th\u1ebf, ch\u00fang t\u00f4i c\u00f2n\u00a0<span style=\"text-decoration: underline;\"><em>thanh l\u00fd b\u00e0n l\u00e0m vi\u1ec7c gi\u00e1 r\u1ebb<\/em><\/span>\u00a0cho v\u0103n ph\u00f2ng, l\u00e0 h\u00e0ng t\u1ed3n kho ch\u01b0a qua s\u1eed d\u1ee5ng m\u1edbi 99%.<\/p>\n<p>N\u1ebfu c\u00f4ng ty doanh nghi\u1ec7p c\u1ee7a b\u1ea1n mu\u1ed1n setup m\u1ed9t c\u01a1 s\u1edf chi nh\u00e1nh m\u1edbi nh\u01b0ng kh\u00f4ng mu\u1ed1n t\u1ed1n qu\u00e1 nhi\u1ec1u cho ti\u1ec1n n\u1ed9i th\u1ea5t nh\u01b0ng v\u1eabn c\u00f3 \u0111\u01b0\u1ee3c nh\u1eefng \u0111\u1ed3 n\u1ed9i th\u1ea5t ch\u1ea5t l\u01b0\u1ee3ng th\u00ec h\u00e3y t\u00ecm ngay cho m\u00ecnh m\u1ed9t<span style=\"font-size: 12pt; font-family: tahoma, arial, helvetica, sans-serif;\">\u00a0\u0111\u01a1n v\u1ecb cung c\u1ea5p h\u00e0ng\u00a0<em><a href=\"https:\/\/noithatanhphat.com.vn\/\">thanh l\u00fd n\u1ed9i th\u1ea5t v\u0103n ph\u00f2ng t\u1ea1i H\u00e0 N\u1ed9i gi\u00e1 r\u1ebb<\/a><\/em>, th\u00ec h\u00e3y nhanh ch\u00f3ng \u0111\u1ebfn v\u1edbi N\u1ed9i Th\u1ea5t \u00c1nh Ph\u00e1t ch\u00fang t\u00f4i \u0111\u1ec3 \u0111\u01b0\u1ee3c \u0111\u1eb7t h\u00e0ng v\u00e0 t\u01b0 v\u1ea5n m\u1ed9t c\u00e1ch t\u1eadn t\u00ecnh nh\u1ea5t v\u1ec1 m\u1eabu m\u00e3 s\u1ea3n ph\u1ea9m v\u00e0 ch\u1ea5t li\u1ec7u c\u1ee7a ch\u00fang. T\u1ea1i \u00c1nh Ph\u00e1t ch\u00fang t\u00f4i chuy\u00ean thanh l\u00fd c\u00e1c s\u1ea3n ph\u1ea9m n\u1ed9i th\u1ea5t v\u0103n ph\u00f2ng, nh\u01b0\u00a0<strong><a href=\"https:\/\/noithatanhphat.com.vn\/thanh-ly-ban-lam-viec-nhan-vien\/\">thanh l\u00fd b\u00e0n l\u00e0m vi\u1ec7c<\/a><\/strong>, thanh l\u00fd gh\u1ebf v\u0103n ph\u00f2ng,&#8230; M\u1eb7c d\u00f9 s\u1eed d\u1ee5ng c\u00e1c n\u1ed9i th\u1ea5t thanh l\u00fd nh\u01b0ng ch\u1ea5t l\u01b0\u1ee3ng c\u1ee7a s\u1ea3n ph\u1ea9m v\u1eabn kh\u00f4ng gi\u1ea3m \u0111i .<\/span><\/p>\n<p><span style=\"font-size: 12pt; font-family: tahoma, arial, helvetica, sans-serif; color: #0000ff;\"><strong>C\u00f4ng Ty TNHH TM&amp;DV \u00c1nh Ph\u00e1t<\/strong><\/span><\/p>\n<p><span style=\"font-size: 12pt; font-family: tahoma, arial, helvetica, sans-serif;\"><strong>\u0110\u1ecba Ch\u1ec9:<\/strong>\u00a0S\u00f4\u0301 75, Ng\u00f5 18 \u0110\u1ecbnh C\u00f4ng Th\u01b0\u1ee3ng, Ho\u00e0ng Mai, HN.<\/span><br \/>\n<span style=\"font-size: 12pt; font-family: tahoma, arial, helvetica, sans-serif;\"><strong>\u0110i\u1ec7n Tho\u1ea1i:<\/strong>\u00a009777 99 381 &#8211; 0984 738 639<\/span><br \/>\n<span style=\"font-size: 12pt; font-family: tahoma, arial, helvetica, sans-serif;\"><strong>Hotline:<\/strong>\u00a0<span style=\"color: #ff0000;\"><strong>0914278381 (Mr. Hu\u1ea5n)<\/strong><\/span><\/span><br \/>\n<span style=\"font-size: 12pt; font-family: tahoma, arial, helvetica, sans-serif;\"><strong>Email:<\/strong>\u00a0noithatanhphat@gmail.com<\/span><br \/>\n<span style=\"font-size: 12pt; font-family: tahoma, arial, helvetica, sans-serif;\"><strong>Website:<\/strong>\u00a0<a href=\"http:\/\/Noithatanhphat.com.vn\">Noithatanhphat.com.vn<\/a><\/span><\/p>\n","protected":false},"excerpt":{"rendered":"<h2><strong>\u0110\u0103\u0323c \u0111i\u00ea\u0309m b\u00e0n ch\u00e2n s\u1eaft\u00a0 y\u1ebfm l\u00e0m vi\u1ec7c 1m2 kh\u00f4ng h\u1ed9c:<\/strong><\/h2>\n<ul>\n<li>Ch\u1ea5t li\u1ec7u c\u1ee7a b\u00e0n l\u00e0m vi\u1ec7c 1m2 kh\u00f4ng h\u1ed9c l\u00e0 g\u1ed7 c\u00f4ng nghi\u1ec7p<\/li>\n<li>K\u00edch th\u01b0\u1edbc:\u00a0\u00a0D\u00e0i\u00a01200 \u2013 R\u1ed9ng 600- Cao 750(mm)<\/li>\n<li>M\u00e0u s\u1eafc: \u00a0v\u00e2n s\u1ed3i<\/li>\n<\/ul>\n","protected":false},"featured_media":93,"comment_status":"open","ping_status":"closed","template":"","meta":[],"product_brand":[],"product_cat":[17,18,20,19],"product_tag":[],"class_list":{"0":"post-59","1":"product","2":"type-product","3":"status-publish","4":"has-post-thumbnail","6":"product_cat-ban-lam-viec-nhan-vien-vp","7":"product_cat-ban-van-phong","8":"product_cat-thanh-ly-ban-ghe-van-phong","9":"product_cat-thanh-ly-ban-lam-viec-chan-sat","11":"first","12":"instock","13":"shipping-taxable","14":"purchasable","15":"product-type-simple"},"_links":{"self":[{"href":"https:\/\/noithat.minhwebsite.top\/index.php\/wp-json\/wp\/v2\/product\/59","targetHints":{"allow":["GET"]}}],"collection":[{"href":"https:\/\/noithat.minhwebsite.top\/index.php\/wp-json\/wp\/v2\/product"}],"about":[{"href":"https:\/\/noithat.minhwebsite.top\/index.php\/wp-json\/wp\/v2\/types\/product"}],"replies":[{"embeddable":true,"href":"https:\/\/noithat.minhwebsite.top\/index.php\/wp-json\/wp\/v2\/comments?post=59"}],"wp:featuredmedia":[{"embeddable":true,"href":"https:\/\/noithat.minhwebsite.top\/index.php\/wp-json\/wp\/v2\/media\/93"}],"wp:attachment":[{"href":"https:\/\/noithat.minhwebsite.top\/index.php\/wp-json\/wp\/v2\/media?parent=59"}],"wp:term":[{"taxonomy":"product_brand","embeddable":true,"href":"https:\/\/noithat.minhwebsite.top\/index.php\/wp-json\/wp\/v2\/product_brand?post=59"},{"taxonomy":"product_cat","embeddable":true,"href":"https:\/\/noithat.minhwebsite.top\/index.php\/wp-json\/wp\/v2\/product_cat?post=59"},{"taxonomy":"product_tag","embeddable":true,"href":"https:\/\/noithat.minhwebsite.top\/index.php\/wp-json\/wp\/v2\/product_tag?post=59"}],"curies":[{"name":"wp","href":"https:\/\/api.w.org\/{rel}","templated":true}]}}