{"id":58,"date":"2026-04-18T05:07:19","date_gmt":"2026-04-18T05:07:19","guid":{"rendered":"https:\/\/noithat.minhwebsite.top\/?post_type=product&#038;p=58"},"modified":"2026-04-18T05:07:35","modified_gmt":"2026-04-18T05:07:35","slug":"ban-lam-viec-cpu-1m2x60-moi-100","status":"publish","type":"product","link":"https:\/\/noithat.minhwebsite.top\/index.php\/product\/ban-lam-viec-cpu-1m2x60-moi-100\/","title":{"rendered":"B\u00e0n la\u0300m vi\u00ea\u0323c CPU 1m2x60 m\u01a1\u0301i 100%"},"content":{"rendered":"<p>thanh l\u00fd b\u00e0n nh\u00e2n vi\u00ean cpu 1m2 r\u1ed9ng 60 cao 75cm m\u1edbi 100% gi\u00e1 600k\/c, c\u00f3 ch\u00e2n \u0111\u1ec3 CPU, ng\u0103n k\u00e9o b\u00e0n ph\u00edm.Ki\u1ec3u d\u00e1ng hi\u1ec7n \u0111\u1ea1i, m\u1eb7t b\u00e0n ph\u1ee7 l\u1edbp MELANIN ch\u1ed1ng x\u01b0\u1edbc. B\u1ea3o h\u00e0nh: 6 th\u00e1ng T\u00ecnh tr\u1ea1ng: c\u00f2n h\u00e0ng<\/p>\n","protected":false},"excerpt":{"rendered":"<p>thanh l\u00fd b\u00e0n nh\u00e2n vi\u00ean cpu 1m2 r\u1ed9ng 60 cao 75cm m\u1edbi 100% gi\u00e1 600k\/c, c\u00f3 ch\u00e2n \u0111\u1ec3 CPU, ng\u0103n k\u00e9o b\u00e0n ph\u00edm.Ki\u1ec3u d\u00e1ng hi\u1ec7n \u0111\u1ea1i, m\u1eb7t b\u00e0n ph\u1ee7 l\u1edbp MELANIN ch\u1ed1ng x\u01b0\u1edbc. B\u1ea3o h\u00e0nh: 6 th\u00e1ng T\u00ecnh tr\u1ea1ng: c\u00f2n h\u00e0ng<\/p>\n","protected":false},"featured_media":91,"comment_status":"open","ping_status":"closed","template":"","meta":[],"product_brand":[],"product_cat":[17,18],"product_tag":[],"class_list":{"0":"post-58","1":"product","2":"type-product","3":"status-publish","4":"has-post-thumbnail","6":"product_cat-ban-lam-viec-nhan-vien-vp","7":"product_cat-ban-van-phong","9":"first","10":"instock","11":"shipping-taxable","12":"purchasable","13":"product-type-simple"},"_links":{"self":[{"href":"https:\/\/noithat.minhwebsite.top\/index.php\/wp-json\/wp\/v2\/product\/58","targetHints":{"allow":["GET"]}}],"collection":[{"href":"https:\/\/noithat.minhwebsite.top\/index.php\/wp-json\/wp\/v2\/product"}],"about":[{"href":"https:\/\/noithat.minhwebsite.top\/index.php\/wp-json\/wp\/v2\/types\/product"}],"replies":[{"embeddable":true,"href":"https:\/\/noithat.minhwebsite.top\/index.php\/wp-json\/wp\/v2\/comments?post=58"}],"wp:featuredmedia":[{"embeddable":true,"href":"https:\/\/noithat.minhwebsite.top\/index.php\/wp-json\/wp\/v2\/media\/91"}],"wp:attachment":[{"href":"https:\/\/noithat.minhwebsite.top\/index.php\/wp-json\/wp\/v2\/media?parent=58"}],"wp:term":[{"taxonomy":"product_brand","embeddable":true,"href":"https:\/\/noithat.minhwebsite.top\/index.php\/wp-json\/wp\/v2\/product_brand?post=58"},{"taxonomy":"product_cat","embeddable":true,"href":"https:\/\/noithat.minhwebsite.top\/index.php\/wp-json\/wp\/v2\/product_cat?post=58"},{"taxonomy":"product_tag","embeddable":true,"href":"https:\/\/noithat.minhwebsite.top\/index.php\/wp-json\/wp\/v2\/product_tag?post=58"}],"curies":[{"name":"wp","href":"https:\/\/api.w.org\/{rel}","templated":true}]}}