{"id":56,"date":"2026-04-18T05:07:17","date_gmt":"2026-04-18T05:07:17","guid":{"rendered":"https:\/\/noithat.minhwebsite.top\/?post_type=product&#038;p=56"},"modified":"2026-04-18T05:07:28","modified_gmt":"2026-04-18T05:07:28","slug":"ban-lam-viec-lang-fami-1m2x60-moi","status":"publish","type":"product","link":"https:\/\/noithat.minhwebsite.top\/index.php\/product\/ban-lam-viec-lang-fami-1m2x60-moi\/","title":{"rendered":"Ba\u0300n la\u0300m vi\u00ea\u0323c l\u00e2ng Fami 1m2x60 m\u01a1\u0301i"},"content":{"rendered":"<p><span style=\"font-size: medium;\">Thanh l\u00fd b\u00e0n l\u00e0m vi\u1ec7c 1m2 n\u00e2ng fami <\/span><span style=\"font-size: medium;\">m\u1edbi 100% ch\u1ec9 v\u1edbi gi\u00e1 500k\/c<\/span><span style=\"font-size: medium;\"> . Lo\u1ea1i b\u00e0n d\u00e1ng th\u1eb3ng \u0111\u01a1n gi\u1ea3n v\u00e0 ph\u00f9 h\u1ee3p v\u1edbi m\u1ecdi m\u1eb7t b\u1eb1ng. S\u1ea3n ph\u1ea9m s\u1eed d\u1ee5ng gi\u00e1 \u0111\u1ee1 m\u1eb7t b\u00e0n mang l\u1ea1i phong c\u00e1ch hi\u1ec7n \u0111\u1ea1i v\u00e0 r\u1ea5t ti\u1ec7n d\u1ee5ng khi th\u00e1o l\u1eafp. C\u1ea1nh b\u00e0n u\u1ed1n cong t\u1ea1o c\u1ea3m gi\u00e1c tho\u00e1i m\u00e1i khi s\u1eed d\u1ee5ng. M\u1eb7t b\u00e0n ph\u1ee7 Melamin cao c\u1ea5p HPL v\u1edbi kh\u1ea3 n\u0103ng ch\u1ed1ng ch\u00e1y, ch\u1ed1ng x\u01b0\u1edbc ch\u1ed1ng th\u1ea5m n\u01b0\u1edbc cao. \u0110\u1eb7c bi\u1ec7t ph\u00f9 h\u1ee3p v\u1edbi kh\u00ed h\u1eadu v\u00e0 th\u00f3i quen ti\u00eau d\u00f9ng c\u1ee7a ng\u01b0\u1eddi Vi\u1ec7t nam.<\/span><\/p>\n","protected":false},"excerpt":{"rendered":"<p>Thanh l\u00fd b\u00e0n l\u00e0m vi\u1ec7c 1m2 n\u00e2ng fami m\u1edbi 100% ch\u1ec9 v\u1edbi gi\u00e1 500k\/c . Lo\u1ea1i b\u00e0n d\u00e1ng th\u1eb3ng \u0111\u01a1n gi\u1ea3n v\u00e0 ph\u00f9 h\u1ee3p v\u1edbi m\u1ecdi m\u1eb7t b\u1eb1ng. S\u1ea3n ph\u1ea9m s\u1eed d\u1ee5ng gi\u00e1 \u0111\u1ee1 m\u1eb7t b\u00e0n mang l\u1ea1i phong c\u00e1ch hi\u1ec7n \u0111\u1ea1i v\u00e0 r\u1ea5t ti\u1ec7n d\u1ee5ng khi th\u00e1o l\u1eafp. C\u1ea1nh b\u00e0n u\u1ed1n cong t\u1ea1o c\u1ea3m [&#8230;]\n","protected":false},"featured_media":85,"comment_status":"open","ping_status":"closed","template":"","meta":[],"product_brand":[],"product_cat":[17,18],"product_tag":[],"class_list":{"0":"post-56","1":"product","2":"type-product","3":"status-publish","4":"has-post-thumbnail","6":"product_cat-ban-lam-viec-nhan-vien-vp","7":"product_cat-ban-van-phong","9":"first","10":"instock","11":"shipping-taxable","12":"purchasable","13":"product-type-simple"},"_links":{"self":[{"href":"https:\/\/noithat.minhwebsite.top\/index.php\/wp-json\/wp\/v2\/product\/56","targetHints":{"allow":["GET"]}}],"collection":[{"href":"https:\/\/noithat.minhwebsite.top\/index.php\/wp-json\/wp\/v2\/product"}],"about":[{"href":"https:\/\/noithat.minhwebsite.top\/index.php\/wp-json\/wp\/v2\/types\/product"}],"replies":[{"embeddable":true,"href":"https:\/\/noithat.minhwebsite.top\/index.php\/wp-json\/wp\/v2\/comments?post=56"}],"wp:featuredmedia":[{"embeddable":true,"href":"https:\/\/noithat.minhwebsite.top\/index.php\/wp-json\/wp\/v2\/media\/85"}],"wp:attachment":[{"href":"https:\/\/noithat.minhwebsite.top\/index.php\/wp-json\/wp\/v2\/media?parent=56"}],"wp:term":[{"taxonomy":"product_brand","embeddable":true,"href":"https:\/\/noithat.minhwebsite.top\/index.php\/wp-json\/wp\/v2\/product_brand?post=56"},{"taxonomy":"product_cat","embeddable":true,"href":"https:\/\/noithat.minhwebsite.top\/index.php\/wp-json\/wp\/v2\/product_cat?post=56"},{"taxonomy":"product_tag","embeddable":true,"href":"https:\/\/noithat.minhwebsite.top\/index.php\/wp-json\/wp\/v2\/product_tag?post=56"}],"curies":[{"name":"wp","href":"https:\/\/api.w.org\/{rel}","templated":true}]}}